{"id":19,"date":"2022-06-27T13:07:54","date_gmt":"2022-06-27T10:07:54","guid":{"rendered":"https:\/\/sandra-dolls.com\/?page_id=19"},"modified":"2023-07-07T10:57:50","modified_gmt":"2023-07-07T07:57:50","slug":"about-us","status":"publish","type":"page","link":"https:\/\/sandra-dolls.com\/en\/about-us\/","title":{"rendered":"About"},"content":{"rendered":"<p>Sandra Dolls es un proveedor oficial de juguetes infantiles exclusivos elaborados por las mejores f\u00e1bricas espa\u00f1olas. Nuestra actividad principal est\u00e1 dirigida a la venta al por mayor y\u00a0menor. Trabajamos en Espa\u00f1a y hacemos env\u00edos de nuestro producto a todo el mundo.<\/p>\n<p>Sin embargo, no solo nos dedicamos a la venta de juguetes espa\u00f1oles, sino que tambi\u00e9n elaboramos y vendemos una l\u00ednea \u00fanica de conjuntos de ropa y accesorios para mu\u00f1ecas y ni\u00f1os hechos a mano en el estilo Family Look \u02d7 &#8220;Mi mu\u00f1eca y yo&#8221;.<\/p>\n<p>Y para aquellos quien no les gustan las mu\u00f1ecas, hemos preparado una serie especial de juguetes de beb\u00e9 mono con sus conjuntos de moda que no tienen nada que envidiar a los de las mu\u00f1ecas.<\/p>","protected":false},"excerpt":{"rendered":"<p>Sandra Dolls es un proveedor oficial de juguetes infantiles exclusivos elaborados por las mejores f\u00e1bricas espa\u00f1olas. Nuestra actividad principal est\u00e1 dirigida a la venta al por mayor y\u00a0menor. Trabajamos en Espa\u00f1a y hacemos env\u00edos de nuestro producto a todo el mundo. Sin embargo, no solo nos dedicamos a la venta de juguetes espa\u00f1oles, sino que [&hellip;]<\/p>\n","protected":false},"author":1,"featured_media":0,"parent":0,"menu_order":0,"comment_status":"closed","ping_status":"closed","template":"template-about.php","meta":{"footnotes":""},"class_list":["post-19","page","type-page","status-publish","hentry"],"_links":{"self":[{"href":"https:\/\/sandra-dolls.com\/en\/wp-json\/wp\/v2\/pages\/19","targetHints":{"allow":["GET"]}}],"collection":[{"href":"https:\/\/sandra-dolls.com\/en\/wp-json\/wp\/v2\/pages"}],"about":[{"href":"https:\/\/sandra-dolls.com\/en\/wp-json\/wp\/v2\/types\/page"}],"author":[{"embeddable":true,"href":"https:\/\/sandra-dolls.com\/en\/wp-json\/wp\/v2\/users\/1"}],"replies":[{"embeddable":true,"href":"https:\/\/sandra-dolls.com\/en\/wp-json\/wp\/v2\/comments?post=19"}],"version-history":[{"count":5,"href":"https:\/\/sandra-dolls.com\/en\/wp-json\/wp\/v2\/pages\/19\/revisions"}],"predecessor-version":[{"id":1653,"href":"https:\/\/sandra-dolls.com\/en\/wp-json\/wp\/v2\/pages\/19\/revisions\/1653"}],"wp:attachment":[{"href":"https:\/\/sandra-dolls.com\/en\/wp-json\/wp\/v2\/media?parent=19"}],"curies":[{"name":"wp","href":"https:\/\/api.w.org\/{rel}","templated":true}]}}